{"id":22,"date":"2019-10-04T14:45:01","date_gmt":"2019-10-04T12:45:01","guid":{"rendered":"http:\/\/asbt.pl\/?page_id=22"},"modified":"2020-07-13T15:29:07","modified_gmt":"2020-07-13T13:29:07","slug":"kontakt","status":"publish","type":"page","link":"https:\/\/asbt.pl\/index.php\/kontakt\/","title":{"rendered":"Kontakt"},"content":{"rendered":"<p><\/p>\n<h2 class=\"has-medium-font-size\"><strong>ASBT Sp. z o.o.<\/strong><\/h2>\n\n\n<p class=\"has-medium-font-size\">ul. Czerska 18\/131 , 00-732 Warszawa <\/p>\n\n\n\n<p class=\"has-medium-font-size\">e-mail: biuro@asbt.pl&nbsp;&nbsp;&nbsp;&nbsp;&nbsp; asbt.pl<\/p>\n\n\n\n<p class=\"has-medium-font-size\"><strong>KRS <\/strong>0000849098 S\u0105d Rejonowy dla m. st. Warszawy XII Wydzia\u0142 Gospodarczy Krajowego Rejestru S\u0105dowego <\/p>\n\n\n\n<p class=\"has-medium-font-size\"><strong>NIP<\/strong> 5213900753 <strong>Kapita\u0142 zak\u0142adowy<\/strong> 10 000,00 z\u0142&nbsp;&nbsp;&nbsp;&nbsp;&nbsp;<\/p>\n\n\n\n<p><br><\/p>\n","protected":false},"excerpt":{"rendered":"<p>ASBT Sp. z o.o. ul. Czerska 18\/131 , 00-732 Warszawa e-mail: biuro@asbt.pl&nbsp;&nbsp;&nbsp;&nbsp;&nbsp; asbt.pl KRS 0000849098 S\u0105d Rejonowy dla m. st. Warszawy XII Wydzia\u0142 Gospodarczy Krajowego Rejestru S\u0105dowego NIP 5213900753 Kapita\u0142 zak\u0142adowy 10 000,00 z\u0142&nbsp;&nbsp;&nbsp;&nbsp;&nbsp;<\/p>\n","protected":false},"author":1,"featured_media":0,"parent":0,"menu_order":0,"comment_status":"closed","ping_status":"closed","template":"","meta":[],"_links":{"self":[{"href":"https:\/\/asbt.pl\/index.php\/wp-json\/wp\/v2\/pages\/22"}],"collection":[{"href":"https:\/\/asbt.pl\/index.php\/wp-json\/wp\/v2\/pages"}],"about":[{"href":"https:\/\/asbt.pl\/index.php\/wp-json\/wp\/v2\/types\/page"}],"author":[{"embeddable":true,"href":"https:\/\/asbt.pl\/index.php\/wp-json\/wp\/v2\/users\/1"}],"replies":[{"embeddable":true,"href":"https:\/\/asbt.pl\/index.php\/wp-json\/wp\/v2\/comments?post=22"}],"version-history":[{"count":23,"href":"https:\/\/asbt.pl\/index.php\/wp-json\/wp\/v2\/pages\/22\/revisions"}],"predecessor-version":[{"id":178,"href":"https:\/\/asbt.pl\/index.php\/wp-json\/wp\/v2\/pages\/22\/revisions\/178"}],"wp:attachment":[{"href":"https:\/\/asbt.pl\/index.php\/wp-json\/wp\/v2\/media?parent=22"}],"curies":[{"name":"wp","href":"https:\/\/api.w.org\/{rel}","templated":true}]}}