{"id":8,"date":"2019-10-04T14:33:16","date_gmt":"2019-10-04T12:33:16","guid":{"rendered":"http:\/\/asbt.pl\/?page_id=8"},"modified":"2023-04-25T19:31:19","modified_gmt":"2023-04-25T17:31:19","slug":"oferta","status":"publish","type":"page","link":"https:\/\/asbt.pl\/index.php\/oferta\/","title":{"rendered":"Oferta"},"content":{"rendered":"\n<p> <\/p>\n\n\n\n<p><br><\/p>\n\n\n\n<div class=\"is-layout-flow wp-block-group\"><div class=\"wp-block-group__inner-container\">\n<ul class=\"has-medium-font-size\"><li>Analizy stanu technicznego<\/li><li>Analizy danych eksploatacyjnych<\/li><li>Doradztwo i analizy techniczne w zakresie doboru i oceny materia\u0142\u00f3w  pod k\u0105tem warunk\u00f3w pracy<\/li><li>Analizy przyczyn uszkodze\u0144 materia\u0142\u00f3w i urz\u0105dze\u0144<\/li><\/ul>\n<\/div><\/div>\n\n\n\n<p><br><\/p>\n","protected":false},"excerpt":{"rendered":"<p>Analizy stanu technicznego Analizy danych eksploatacyjnych Doradztwo i analizy techniczne w zakresie doboru i oceny materia\u0142\u00f3w pod k\u0105tem warunk\u00f3w pracy Analizy przyczyn uszkodze\u0144 materia\u0142\u00f3w i urz\u0105dze\u0144<\/p>\n","protected":false},"author":1,"featured_media":0,"parent":0,"menu_order":0,"comment_status":"closed","ping_status":"closed","template":"","meta":[],"_links":{"self":[{"href":"https:\/\/asbt.pl\/index.php\/wp-json\/wp\/v2\/pages\/8"}],"collection":[{"href":"https:\/\/asbt.pl\/index.php\/wp-json\/wp\/v2\/pages"}],"about":[{"href":"https:\/\/asbt.pl\/index.php\/wp-json\/wp\/v2\/types\/page"}],"author":[{"embeddable":true,"href":"https:\/\/asbt.pl\/index.php\/wp-json\/wp\/v2\/users\/1"}],"replies":[{"embeddable":true,"href":"https:\/\/asbt.pl\/index.php\/wp-json\/wp\/v2\/comments?post=8"}],"version-history":[{"count":23,"href":"https:\/\/asbt.pl\/index.php\/wp-json\/wp\/v2\/pages\/8\/revisions"}],"predecessor-version":[{"id":177,"href":"https:\/\/asbt.pl\/index.php\/wp-json\/wp\/v2\/pages\/8\/revisions\/177"}],"wp:attachment":[{"href":"https:\/\/asbt.pl\/index.php\/wp-json\/wp\/v2\/media?parent=8"}],"curies":[{"name":"wp","href":"https:\/\/api.w.org\/{rel}","templated":true}]}}